{"id":30,"date":"2025-12-31T15:18:42","date_gmt":"2025-12-31T14:18:42","guid":{"rendered":"https:\/\/www.sapiencia.cl\/?page_id=30"},"modified":"2025-12-31T15:18:42","modified_gmt":"2025-12-31T14:18:42","slug":"sobre-sapiencia","status":"publish","type":"page","link":"https:\/\/www.sapiencia.cl\/?page_id=30","title":{"rendered":"Sobre Sapiencia"},"content":{"rendered":"\n<p><strong>Sapiencia: El lugar donde el conocimiento se comparte.<\/strong><\/p>\n\n\n\n<p>Sapiencia naci\u00f3 de una idea simple: el conocimiento no debe ser r\u00edgido ni aburrido. Creemos que todos somos, en alg\u00fan momento, fisgones, aprendices o mentores.<\/p>\n\n\n\n<p><strong>Nuestros Tres Pilares:<\/strong><\/p>\n\n\n\n<ul class=\"wp-block-list\">\n<li><strong>Fisgones:<\/strong> Porque la curiosidad es el motor del aprendizaje. Aqu\u00ed exploramos lo incre\u00edble.<\/li>\n\n\n\n<li><strong>Aprendices:<\/strong> Porque todos estamos estudiando algo nuevo. Aqu\u00ed entregamos las herramientas para dominar la materia.<\/li>\n\n\n\n<li><strong>Mentores:<\/strong> Porque nadie educa solo. Aqu\u00ed compartimos la experiencia de guiar a las nuevas generaciones.<\/li>\n<\/ul>\n\n\n\n<p>No somos solo un blog, somos una comunidad que busca hacer que el aprendizaje en Chile y el mundo sea m\u00e1s accesible, din\u00e1mico y, sobre todo, compartido.<\/p>\n","protected":false},"excerpt":{"rendered":"<p>Sapiencia: El lugar donde el conocimiento se comparte. Sapiencia naci\u00f3 de una idea simple: el conocimiento no debe ser r\u00edgido ni aburrido. Creemos que todos somos, en alg\u00fan momento, fisgones, aprendices o mentores. Nuestros Tres Pilares: No somos solo un blog, somos una comunidad que busca hacer que el aprendizaje en Chile y el mundo [&hellip;]<\/p>\n","protected":false},"author":1,"featured_media":32,"parent":0,"menu_order":0,"comment_status":"closed","ping_status":"closed","template":"","meta":{"footnotes":""},"class_list":["post-30","page","type-page","status-publish","has-post-thumbnail","hentry"],"_links":{"self":[{"href":"https:\/\/www.sapiencia.cl\/index.php?rest_route=\/wp\/v2\/pages\/30","targetHints":{"allow":["GET"]}}],"collection":[{"href":"https:\/\/www.sapiencia.cl\/index.php?rest_route=\/wp\/v2\/pages"}],"about":[{"href":"https:\/\/www.sapiencia.cl\/index.php?rest_route=\/wp\/v2\/types\/page"}],"author":[{"embeddable":true,"href":"https:\/\/www.sapiencia.cl\/index.php?rest_route=\/wp\/v2\/users\/1"}],"replies":[{"embeddable":true,"href":"https:\/\/www.sapiencia.cl\/index.php?rest_route=%2Fwp%2Fv2%2Fcomments&post=30"}],"version-history":[{"count":1,"href":"https:\/\/www.sapiencia.cl\/index.php?rest_route=\/wp\/v2\/pages\/30\/revisions"}],"predecessor-version":[{"id":31,"href":"https:\/\/www.sapiencia.cl\/index.php?rest_route=\/wp\/v2\/pages\/30\/revisions\/31"}],"wp:featuredmedia":[{"embeddable":true,"href":"https:\/\/www.sapiencia.cl\/index.php?rest_route=\/wp\/v2\/media\/32"}],"wp:attachment":[{"href":"https:\/\/www.sapiencia.cl\/index.php?rest_route=%2Fwp%2Fv2%2Fmedia&parent=30"}],"curies":[{"name":"wp","href":"https:\/\/api.w.org\/{rel}","templated":true}]}}